{"id":38,"date":"2018-10-09T15:23:09","date_gmt":"2018-10-09T18:23:09","guid":{"rendered":"http:\/\/www.dalconcontabilidade.cnt.br\/site\/?page_id=38"},"modified":"2019-01-22T13:39:16","modified_gmt":"2019-01-22T15:39:16","slug":"constituic%cc%a7a%cc%83o-de-empresa","status":"publish","type":"page","link":"http:\/\/www.dalconcontabilidade.cnt.br\/site\/constituic%cc%a7a%cc%83o-de-empresa\/","title":{"rendered":"Constituic\u0327a\u0303o de Empresa"},"content":{"rendered":"<p>[vc_row][vc_column][vc_column_text css=&#8221;.vc_custom_1539109757158{margin-bottom: 0px !important;}&#8221;]<\/p>\n<p>Oferecemos os servic\u0327os de constituic\u0327a\u0303o empresarial, que contemplam os registros a baixos:<br \/>\n\u2022 Junta Comercial de Santa Catarina;<br \/>\n\u2022 Receita Federal;<br \/>\n\u2022 Protocolo do processo junto a Prefeitura Municipal de Floriano\u0301polis;<br \/>\n\u2022 Inscric\u0327a\u0303o Estadual \u2013 Sefaz;<br \/>\n\u2022 Protocolo do alvara\u0301 sanita\u0301rio junto a Vigila\u0302ncia Sanita\u0301ria; (desde que a empresa entregue a documentac\u0327a\u0303o solicitada).<br \/>\n\u2022 Alvara\u0301 dos Bombeiros; ( desde que a edificac\u0327a\u0303o tenha habit-se dos bombeiros)<br \/>\n\u2022 Alvara\u0301 da Policia;[\/vc_column_text][vc_column_text css=&#8221;.vc_custom_1539622200356{margin-bottom: 0px !important;}&#8221;]<\/p>\n<h2><strong>Baixa da Empresa<\/strong><\/h2>\n<p>\u2022 Junta Comercial de Santa Catarina;<br \/>\n\u2022 Receita Federal;<br \/>\n\u2022 Secretaria da Fazenda de Santa Catarina;<br \/>\n\u2022 Prefeitura Municipal de Floriano\u0301polis;<br \/>\n\u2022 Vigila\u0302ncia Sanita\u0301ria;<br \/>\n\u2022 Bombeiros;[\/vc_column_text][vc_column_text css=&#8221;.vc_custom_1539622222848{margin-bottom: 0px !important;}&#8221;]<\/p>\n<div class=\"page\" title=\"Page 2\">\n<div class=\"section\">\n<div class=\"layoutArea\">\n<div class=\"column\">\n<h2><strong>Planejamento Tributa\u0301rio<\/strong><\/h2>\n<div class=\"page\" title=\"Page 2\">\n<div class=\"section\">\n<div class=\"layoutArea\">\n<div class=\"column\">\n<p>Demonstrar de forma clara e objetiva os principais aspectos da tributac\u0327a\u0303o das pessoas juri\u0301dicas, apresentando ao empresa\u0301rio as regras complexas da legislac\u0327a\u0303o tributa\u0301ria federal, e apresentar meios legais de economia tributa\u0301ria mediante ana\u0301lise das diversas alternativas que a empresa possui de acordo com a legislac\u0327a\u0303o e jurisprude\u0302ncia.<\/p>\n<\/div>\n<\/div>\n<\/div>\n<\/div>\n<\/div>\n<\/div>\n<\/div>\n<\/div>\n<p>[\/vc_column_text][vc_column_text css=&#8221;.vc_custom_1539622231984{margin-bottom: 0px !important;}&#8221;]<\/p>\n<h2><strong>Parcelamentos<\/strong><\/h2>\n<p>\u2022 Imposto de renda pessoa fi\u0301sica;<br \/>\n\u2022 Impostos Federais (Contribuic\u0327a\u0303o Social, Pis, Cofins e Imposto de Renda);<br \/>\n\u2022 Municipais;<br \/>\n\u2022 Previdencia\u0301rios.[\/vc_column_text][vc_column_text css=&#8221;.vc_custom_1548171943037{margin-bottom: 0px !important;}&#8221;]<\/p>\n<h2><strong>\u00c1rea Fiscal<\/strong><\/h2>\n<p>\u2022 Redu\u00e7\u00e3o da carga tribut\u00e1ria conforme legisla\u00e7\u00e3o vigente e benef\u00edcios fiscais<br \/>\n[\/vc_column_text][vc_column_text css=&#8221;.vc_custom_1548171993107{margin-bottom: 0px !important;}&#8221;]<\/p>\n<div class=\"page\" title=\"Page 2\">\n<div class=\"section\">\n<div class=\"layoutArea\">\n<div class=\"column\">\n<h3>Outros<\/h3>\n<p><strong>Imposto de renda pessoa fi\u0301sica;<br \/>\nGanho de capital;<\/strong><br \/>\n<strong>Folha de pagamento domestica;<\/strong><\/p>\n<\/div>\n<\/div>\n<\/div>\n<\/div>\n<p>[\/vc_column_text][\/vc_column][\/vc_row][vc_row][vc_column][vc_column_text]<\/p>\n<p>[\/vc_column_text][\/vc_column][\/vc_row]<\/p>\n","protected":false},"excerpt":{"rendered":"<p>[vc_row][vc_column][vc_column_text css=&#8221;.vc_custom_1539109757158{margin-bottom: 0px !important;}&#8221;] Oferecemos os servic\u0327os de constituic\u0327a\u0303o empresarial, que contemplam os registros a baixos: \u2022 Junta Comercial de Santa Catarina; \u2022 Receita Federal; \u2022 Protocolo do processo junto a Prefeitura Municipal de Floriano\u0301polis; \u2022 Inscric\u0327a\u0303o Estadual \u2013 Sefaz; \u2022 Protocolo do alvara\u0301 sanita\u0301rio junto a Vigila\u0302ncia Sanita\u0301ria; (desde que [&hellip;]<\/p>\n","protected":false},"author":1,"featured_media":0,"parent":0,"menu_order":0,"comment_status":"closed","ping_status":"closed","template":"","meta":[],"amp_enabled":true,"_links":{"self":[{"href":"http:\/\/www.dalconcontabilidade.cnt.br\/site\/wp-json\/wp\/v2\/pages\/38"}],"collection":[{"href":"http:\/\/www.dalconcontabilidade.cnt.br\/site\/wp-json\/wp\/v2\/pages"}],"about":[{"href":"http:\/\/www.dalconcontabilidade.cnt.br\/site\/wp-json\/wp\/v2\/types\/page"}],"author":[{"embeddable":true,"href":"http:\/\/www.dalconcontabilidade.cnt.br\/site\/wp-json\/wp\/v2\/users\/1"}],"replies":[{"embeddable":true,"href":"http:\/\/www.dalconcontabilidade.cnt.br\/site\/wp-json\/wp\/v2\/comments?post=38"}],"version-history":[{"count":9,"href":"http:\/\/www.dalconcontabilidade.cnt.br\/site\/wp-json\/wp\/v2\/pages\/38\/revisions"}],"predecessor-version":[{"id":1700,"href":"http:\/\/www.dalconcontabilidade.cnt.br\/site\/wp-json\/wp\/v2\/pages\/38\/revisions\/1700"}],"wp:attachment":[{"href":"http:\/\/www.dalconcontabilidade.cnt.br\/site\/wp-json\/wp\/v2\/media?parent=38"}],"curies":[{"name":"wp","href":"https:\/\/api.w.org\/{rel}","templated":true}]}}