{"id":11,"date":"2018-10-08T15:15:09","date_gmt":"2018-10-08T18:15:09","guid":{"rendered":"http:\/\/www.dalconcontabilidade.cnt.br\/site\/?page_id=11"},"modified":"2018-10-16T14:25:39","modified_gmt":"2018-10-16T17:25:39","slug":"empresa","status":"publish","type":"page","link":"http:\/\/www.dalconcontabilidade.cnt.br\/site\/empresa\/","title":{"rendered":"Empresa"},"content":{"rendered":"<p>[vc_row][vc_column][vc_empty_space][vc_column_text css=&#8221;.vc_custom_1539622128389{margin-bottom: 0px !important;}&#8221;]Sabemos que a agilidade, rapidez e a aten\u00e7\u00e3o na legisla\u00e7\u00e3o hoje em dia \u00e9 fundamental para o sucesso de uma organiza\u00e7\u00e3o, sendo assim, procuramos sempre orientar nossos clientes quanto \u00e0s melhores alternativas cont\u00e1beis.[\/vc_column_text][vc_empty_space][\/vc_column][\/vc_row][vc_row][vc_column]<div class=\"flat-iconbox  left circle-outlined\">\n\t\t<div class=\"flat-iconbox-header\">\n\t\t\t<div class=\"flat-iconbox-icon\"><span class=\"vc_li vc_li-like\"><\/span><\/div>\n\t\t\t<h3 class=\"flat-iconbox-title\">Miss\u00e3o<\/h3>\n\t\t\t\n\t\t<\/div>\n\t\t<div class=\"flat-iconbox-content\">\n\t\t\tSer diferencial na prestac\u0327a\u0303o de servic\u0327os conta\u0301beis e atendimento, promovendo soluc\u0327a\u0303o e adequac\u0327a\u0303o das necessidades vigentes, fornecendo suporte para o crescimento e satisfac\u0327a\u0303o dos clientes.\n\t\t\t\n\t\t<\/div>\n\t<\/div><div class=\"flat-iconbox  left circle-outlined\">\n\t\t<div class=\"flat-iconbox-header\">\n\t\t\t<div class=\"flat-iconbox-icon\"><span class=\"vc_li vc_li-eye\"><\/span><\/div>\n\t\t\t<h3 class=\"flat-iconbox-title\">Vis\u00e3o<\/h3>\n\t\t\t\n\t\t<\/div>\n\t\t<div class=\"flat-iconbox-content\">\n\t\t\tSer uma empresa li\u0301der em Floriano\u0301polis e regia\u0303o no ramo de assessoria conta\u0301bil, com alto grau de eficie\u0302ncia e tecnologia.<br \/>\nCom uma equipe comprometida e satisfeita, trabalhando com e\u0301tica e responsabilidade para um relacionamento transparente e duradouro, superando expectativas.\n\t\t\t\n\t\t<\/div>\n\t<\/div><div class=\"flat-iconbox  left circle-outlined\">\n\t\t<div class=\"flat-iconbox-header\">\n\t\t\t<div class=\"flat-iconbox-icon\"><span class=\"vc_li vc_li-star\"><\/span><\/div>\n\t\t\t<h3 class=\"flat-iconbox-title\">Valores<\/h3>\n\t\t\t\n\t\t<\/div>\n\t\t<div class=\"flat-iconbox-content\">\n\t\t\t\u2022 Responsabilidade<br \/>\n\u2022 Transpare\u0302ncia<br \/>\n\u2022 Honestidade<br \/>\n\u2022 Comprometimento<br \/>\n\u2022 Superac\u0327a\u0303o<br \/>\n\u2022 Foco no cliente<br \/>\n\u2022 Flexibilidade\n\t\t\t\n\t\t<\/div>\n\t<\/div>[vc_empty_space][\/vc_column][\/vc_row]<\/p>\n","protected":false},"excerpt":{"rendered":"<p>[vc_row][vc_column][vc_empty_space][vc_column_text css=&#8221;.vc_custom_1539622128389{margin-bottom: 0px !important;}&#8221;]Sabemos que a agilidade, rapidez e a aten\u00e7\u00e3o na legisla\u00e7\u00e3o hoje em dia \u00e9 fundamental para o sucesso de uma organiza\u00e7\u00e3o, sendo assim, procuramos sempre orientar nossos clientes quanto \u00e0s melhores alternativas cont\u00e1beis.[\/vc_column_text][vc_empty_space][\/vc_column][\/vc_row][vc_row][vc_column][vc_empty_space][\/vc_column][\/vc_row]<\/p>\n","protected":false},"author":1,"featured_media":0,"parent":0,"menu_order":0,"comment_status":"closed","ping_status":"closed","template":"tpl\/page_fullwidth.php","meta":[],"amp_enabled":false,"_links":{"self":[{"href":"http:\/\/www.dalconcontabilidade.cnt.br\/site\/wp-json\/wp\/v2\/pages\/11"}],"collection":[{"href":"http:\/\/www.dalconcontabilidade.cnt.br\/site\/wp-json\/wp\/v2\/pages"}],"about":[{"href":"http:\/\/www.dalconcontabilidade.cnt.br\/site\/wp-json\/wp\/v2\/types\/page"}],"author":[{"embeddable":true,"href":"http:\/\/www.dalconcontabilidade.cnt.br\/site\/wp-json\/wp\/v2\/users\/1"}],"replies":[{"embeddable":true,"href":"http:\/\/www.dalconcontabilidade.cnt.br\/site\/wp-json\/wp\/v2\/comments?post=11"}],"version-history":[{"count":32,"href":"http:\/\/www.dalconcontabilidade.cnt.br\/site\/wp-json\/wp\/v2\/pages\/11\/revisions"}],"predecessor-version":[{"id":101,"href":"http:\/\/www.dalconcontabilidade.cnt.br\/site\/wp-json\/wp\/v2\/pages\/11\/revisions\/101"}],"wp:attachment":[{"href":"http:\/\/www.dalconcontabilidade.cnt.br\/site\/wp-json\/wp\/v2\/media?parent=11"}],"curies":[{"name":"wp","href":"https:\/\/api.w.org\/{rel}","templated":true}]}}